{"id":1058,"date":"2023-04-18T18:35:54","date_gmt":"2023-04-18T18:35:54","guid":{"rendered":"https:\/\/mxit.mx\/?page_id=1058"},"modified":"2025-06-09T23:39:31","modified_gmt":"2025-06-09T23:39:31","slug":"reuniones","status":"publish","type":"page","link":"https:\/\/mxit.mx\/index.php\/reuniones\/","title":{"rendered":"Riesgo tecnologico"},"content":{"rendered":"\n<div class=\"wp-block-uagb-container uagb-block-287b9b7a alignfull uagb-is-root-container\"><div class=\"uagb-container-inner-blocks-wrap\">\n<div class=\"wp-block-uagb-advanced-heading uagb-block-9920c5ec\"><h1 class=\"uagb-heading-text\">RIESGO TECNOL\u00d3GICO<\/h1><\/div>\n<\/div><\/div>\n\n\n\n<div class=\"wp-block-uagb-container uagb-block-eb5d8d85 alignfull uagb-is-root-container\"><div class=\"uagb-container-inner-blocks-wrap\">\n<div class=\"wp-block-uagb-container uagb-block-7631238f\">\n<h1 class=\"wp-block-heading has-ast-global-color-0-color has-text-color has-large-font-size\">Riesgo Tecnol\u00f3gico<\/h1>\n\n\n\n<p>En MXIT Global abordamos el riesgo tecnol\u00f3gico como un componente cr\u00edtico para la continuidad y transformaci\u00f3n digital de su organizaci\u00f3n. Nuestro enfoque integral eval\u00faa vulnerabilidades en infraestructuras cr\u00edticas, exposici\u00f3n de datos y dependencia de sistemas, identificando amenazas que van desde ciberataques hasta obsolescencia tecnol\u00f3gica. Combinamos metodolog\u00edas internacionales (NIST, ISO 27005) impactos financieros y operacionales, transformando hallazgos t\u00e9cnicos en estrategias accionables. Nuestra propuesta de valor radica en convertir la gesti\u00f3n del riesgo en un habilitador de innovaci\u00f3n segura. Implementamos controles din\u00e1micos que evolucionan con su arquitectura tecnol\u00f3gica, utilizando anal\u00edtica avanzada para priorizar inversiones en mitigaci\u00f3n. Desde la resiliencia de cloud h\u00edbridos hasta la protecci\u00f3n de IoT, dise\u00f1amos escenarios personalizados. Nuestros servicios reducen la exposici\u00f3n a incidentes disruptivos mientras aceleran la adopci\u00f3n segura de tecnolog\u00edas emergentes. En la era de la transformaci\u00f3n digital, le proveemos el marco estrat\u00e9gico para tomar riesgos calculados que impulsen su ventaja competitiva, protegiendo su organizaci\u00f3n sin limitar su capacidad de innovaci\u00f3n.<\/p>\n<\/div>\n\n\n\n<div class=\"wp-block-uagb-container uagb-block-b61a95e2\">\n<figure class=\"wp-block-image size-large has-custom-border\"><img loading=\"lazy\" decoding=\"async\" width=\"1024\" height=\"584\" src=\"https:\/\/mxit.mx\/wp-content\/uploads\/2025\/06\/riesgo-tecnologico-2-1024x584.png\" alt=\"\" class=\"wp-image-1345\" style=\"border-radius:30px\" srcset=\"https:\/\/mxit.mx\/wp-content\/uploads\/2025\/06\/riesgo-tecnologico-2-1024x584.png 1024w, https:\/\/mxit.mx\/wp-content\/uploads\/2025\/06\/riesgo-tecnologico-2-300x171.png 300w, https:\/\/mxit.mx\/wp-content\/uploads\/2025\/06\/riesgo-tecnologico-2-768x438.png 768w, https:\/\/mxit.mx\/wp-content\/uploads\/2025\/06\/riesgo-tecnologico-2.png 1059w\" sizes=\"auto, (max-width: 1024px) 100vw, 1024px\" \/><\/figure>\n<\/div>\n<\/div><\/div>\n\n\n\n<div class=\"wp-block-uagb-container uagb-block-8b04adad alignfull uagb-is-root-container\"><div class=\"uagb-container-inner-blocks-wrap\">\n<div class=\"wp-block-uagb-advanced-heading uagb-block-bd869a42\"><h2 class=\"uagb-heading-text\"><strong>Tenemos la soluci\u00f3n perfecta que cumple tus expectativas.<\/strong><\/h2><\/div>\n<\/div><\/div>\n","protected":false},"excerpt":{"rendered":"<p>RIESGO TECNOL\u00d3GICO Riesgo Tecnol\u00f3gico En MXIT Global abordamos el riesgo tecnol\u00f3gico como un componente cr\u00edtico para la continuidad y transformaci\u00f3n digital de su organizaci\u00f3n. Nuestro enfoque integral eval\u00faa vulnerabilidades en infraestructuras cr\u00edticas, exposici\u00f3n de datos y dependencia de sistemas, identificando amenazas que van desde ciberataques hasta obsolescencia tecnol\u00f3gica. Combinamos metodolog\u00edas internacionales (NIST, ISO 27005) impactos [&hellip;]<\/p>\n","protected":false},"author":1,"featured_media":0,"parent":0,"menu_order":0,"comment_status":"closed","ping_status":"closed","template":"","meta":{"_uag_custom_page_level_css":"","site-sidebar-layout":"default","site-content-layout":"","ast-site-content-layout":"default","site-content-style":"default","site-sidebar-style":"default","ast-global-header-display":"","ast-banner-title-visibility":"","ast-main-header-display":"","ast-hfb-above-header-display":"","ast-hfb-below-header-display":"","ast-hfb-mobile-header-display":"","site-post-title":"disabled","ast-breadcrumbs-content":"","ast-featured-img":"","footer-sml-layout":"","ast-disable-related-posts":"","theme-transparent-header-meta":"disabled","adv-header-id-meta":"","stick-header-meta":"","header-above-stick-meta":"","header-main-stick-meta":"","header-below-stick-meta":"","astra-migrate-meta-layouts":"set","ast-page-background-enabled":"default","ast-page-background-meta":{"desktop":{"background-color":"var(--ast-global-color-4)","background-image":"","background-repeat":"repeat","background-position":"center center","background-size":"auto","background-attachment":"scroll","background-type":"","background-media":"","overlay-type":"","overlay-color":"","overlay-opacity":"","overlay-gradient":""},"tablet":{"background-color":"","background-image":"","background-repeat":"repeat","background-position":"center center","background-size":"auto","background-attachment":"scroll","background-type":"","background-media":"","overlay-type":"","overlay-color":"","overlay-opacity":"","overlay-gradient":""},"mobile":{"background-color":"","background-image":"","background-repeat":"repeat","background-position":"center center","background-size":"auto","background-attachment":"scroll","background-type":"","background-media":"","overlay-type":"","overlay-color":"","overlay-opacity":"","overlay-gradient":""}},"ast-content-background-meta":{"desktop":{"background-color":"var(--ast-global-color-5)","background-image":"","background-repeat":"repeat","background-position":"center center","background-size":"auto","background-attachment":"scroll","background-type":"","background-media":"","overlay-type":"","overlay-color":"","overlay-opacity":"","overlay-gradient":""},"tablet":{"background-color":"var(--ast-global-color-5)","background-image":"","background-repeat":"repeat","background-position":"center center","background-size":"auto","background-attachment":"scroll","background-type":"","background-media":"","overlay-type":"","overlay-color":"","overlay-opacity":"","overlay-gradient":""},"mobile":{"background-color":"var(--ast-global-color-5)","background-image":"","background-repeat":"repeat","background-position":"center center","background-size":"auto","background-attachment":"scroll","background-type":"","background-media":"","overlay-type":"","overlay-color":"","overlay-opacity":"","overlay-gradient":""}},"_joinchat":[],"footnotes":""},"class_list":["post-1058","page","type-page","status-publish","hentry"],"uagb_featured_image_src":{"full":false,"thumbnail":false,"medium":false,"medium_large":false,"large":false,"1536x1536":false,"2048x2048":false},"uagb_author_info":{"display_name":"soporte","author_link":"https:\/\/mxit.mx\/index.php\/author\/soporte\/"},"uagb_comment_info":0,"uagb_excerpt":"RIESGO TECNOL\u00d3GICO Riesgo Tecnol\u00f3gico En MXIT Global abordamos el riesgo tecnol\u00f3gico como un componente cr\u00edtico para la continuidad y transformaci\u00f3n digital de su organizaci\u00f3n. Nuestro enfoque integral eval\u00faa vulnerabilidades en infraestructuras cr\u00edticas, exposici\u00f3n de datos y dependencia de sistemas, identificando amenazas que van desde ciberataques hasta obsolescencia tecnol\u00f3gica. Combinamos metodolog\u00edas internacionales (NIST, ISO 27005) impactos&hellip;","_links":{"self":[{"href":"https:\/\/mxit.mx\/index.php\/wp-json\/wp\/v2\/pages\/1058","targetHints":{"allow":["GET"]}}],"collection":[{"href":"https:\/\/mxit.mx\/index.php\/wp-json\/wp\/v2\/pages"}],"about":[{"href":"https:\/\/mxit.mx\/index.php\/wp-json\/wp\/v2\/types\/page"}],"author":[{"embeddable":true,"href":"https:\/\/mxit.mx\/index.php\/wp-json\/wp\/v2\/users\/1"}],"replies":[{"embeddable":true,"href":"https:\/\/mxit.mx\/index.php\/wp-json\/wp\/v2\/comments?post=1058"}],"version-history":[{"count":6,"href":"https:\/\/mxit.mx\/index.php\/wp-json\/wp\/v2\/pages\/1058\/revisions"}],"predecessor-version":[{"id":1346,"href":"https:\/\/mxit.mx\/index.php\/wp-json\/wp\/v2\/pages\/1058\/revisions\/1346"}],"wp:attachment":[{"href":"https:\/\/mxit.mx\/index.php\/wp-json\/wp\/v2\/media?parent=1058"}],"curies":[{"name":"wp","href":"https:\/\/api.w.org\/{rel}","templated":true}]}}