{"id":1065,"date":"2023-04-18T18:46:13","date_gmt":"2023-04-18T18:46:13","guid":{"rendered":"https:\/\/mxit.mx\/?page_id=1065"},"modified":"2025-06-09T23:41:19","modified_gmt":"2025-06-09T23:41:19","slug":"barrido","status":"publish","type":"page","link":"https:\/\/mxit.mx\/index.php\/barrido\/","title":{"rendered":"Prevencion de lavado de dinero"},"content":{"rendered":"\n<div class=\"wp-block-uagb-container uagb-block-04c781c6 alignfull uagb-is-root-container\"><div class=\"uagb-container-inner-blocks-wrap\">\n<div class=\"wp-block-uagb-advanced-heading uagb-block-30e7805f\"><h1 class=\"uagb-heading-text\">PREVENCI\u00d3N DE LAVADO DE DINERO <\/h1><\/div>\n<\/div><\/div>\n\n\n\n<div class=\"wp-block-uagb-container uagb-block-8b816f4d alignfull uagb-is-root-container\"><div class=\"uagb-container-inner-blocks-wrap\">\n<div class=\"wp-block-uagb-container uagb-block-59e243a9\">\n<h1 class=\"wp-block-heading has-ast-global-color-0-color has-text-color has-large-font-size\">Prevenci\u00f3n de Lavado de Dinero <\/h1>\n\n\n\n<p>En MXIT Global desarrollamos programas de PLD\/FT a la medida que trascienden el mero cumplimiento regulatorio, convirti\u00e9ndose en herramientas estrat\u00e9gicas de gesti\u00f3n de riesgos financieros. Nuestro enfoque combina el an\u00e1lisis de vulnerabilidades espec\u00edficas por producto, canal y geograf\u00eda con la implementaci\u00f3n de controles inteligentes adaptados a los requerimientos de la CNBV, SHCP y est\u00e1ndares internacionales (GAFI). Integramos tecnolog\u00eda de punta para el monitoreo transaccional con metodolog\u00edas probadas en la detecci\u00f3n de patrones complejos, ofreciendo no solo protecci\u00f3n contra multas, sino blindaje reputacional y operacional. M\u00e1s all\u00e1 de implementar sistemas de alertas, capacitamos a sus equipos con metodolog\u00edas de investigaci\u00f3n financiera avanzada y casos reales adaptados a su sector. Nuestros especialistas, con experiencia en unidades de inteligencia financiera, dise\u00f1an flujos de an\u00e1lisis que detectan desde esquemas tradicionales hasta sofisticadas operaciones con criptoactivos o comercio internacional. Le ayudamos a construir una cultura de cumplimiento din\u00e1mica que se adapta a cambios normativos, protege su licencia para operar y fortalece la confianza de sus clientes e inversionistas en el mercado global.<\/p>\n<\/div>\n\n\n\n<div class=\"wp-block-uagb-container uagb-block-292e74ca\">\n<figure class=\"wp-block-image size-large has-custom-border\"><img loading=\"lazy\" decoding=\"async\" width=\"1024\" height=\"583\" src=\"https:\/\/mxit.mx\/wp-content\/uploads\/2025\/06\/PLD-1-1024x583.png\" alt=\"\" class=\"wp-image-1347\" style=\"border-radius:30px\" srcset=\"https:\/\/mxit.mx\/wp-content\/uploads\/2025\/06\/PLD-1-1024x583.png 1024w, https:\/\/mxit.mx\/wp-content\/uploads\/2025\/06\/PLD-1-300x171.png 300w, https:\/\/mxit.mx\/wp-content\/uploads\/2025\/06\/PLD-1-768x437.png 768w, https:\/\/mxit.mx\/wp-content\/uploads\/2025\/06\/PLD-1.png 1063w\" sizes=\"auto, (max-width: 1024px) 100vw, 1024px\" \/><\/figure>\n<\/div>\n<\/div><\/div>\n\n\n\n<div class=\"wp-block-uagb-container uagb-block-cb4c86fa alignfull uagb-is-root-container\"><div class=\"uagb-container-inner-blocks-wrap\">\n<div class=\"wp-block-uagb-advanced-heading uagb-block-c2f9708b\"><h2 class=\"uagb-heading-text\"><strong>Tenemos la soluci\u00f3n perfecta que cumple tus expectativas.<\/strong><\/h2><\/div>\n<\/div><\/div>\n","protected":false},"excerpt":{"rendered":"<p>PREVENCI\u00d3N DE LAVADO DE DINERO Prevenci\u00f3n de Lavado de Dinero En MXIT Global desarrollamos programas de PLD\/FT a la medida que trascienden el mero cumplimiento regulatorio, convirti\u00e9ndose en herramientas estrat\u00e9gicas de gesti\u00f3n de riesgos financieros. Nuestro enfoque combina el an\u00e1lisis de vulnerabilidades espec\u00edficas por producto, canal y geograf\u00eda con la implementaci\u00f3n de controles inteligentes adaptados [&hellip;]<\/p>\n","protected":false},"author":1,"featured_media":0,"parent":0,"menu_order":0,"comment_status":"closed","ping_status":"closed","template":"","meta":{"_uag_custom_page_level_css":"","site-sidebar-layout":"default","site-content-layout":"","ast-site-content-layout":"default","site-content-style":"default","site-sidebar-style":"default","ast-global-header-display":"","ast-banner-title-visibility":"","ast-main-header-display":"","ast-hfb-above-header-display":"","ast-hfb-below-header-display":"","ast-hfb-mobile-header-display":"","site-post-title":"disabled","ast-breadcrumbs-content":"","ast-featured-img":"","footer-sml-layout":"","ast-disable-related-posts":"","theme-transparent-header-meta":"disabled","adv-header-id-meta":"","stick-header-meta":"","header-above-stick-meta":"","header-main-stick-meta":"","header-below-stick-meta":"","astra-migrate-meta-layouts":"set","ast-page-background-enabled":"default","ast-page-background-meta":{"desktop":{"background-color":"var(--ast-global-color-4)","background-image":"","background-repeat":"repeat","background-position":"center center","background-size":"auto","background-attachment":"scroll","background-type":"","background-media":"","overlay-type":"","overlay-color":"","overlay-opacity":"","overlay-gradient":""},"tablet":{"background-color":"","background-image":"","background-repeat":"repeat","background-position":"center center","background-size":"auto","background-attachment":"scroll","background-type":"","background-media":"","overlay-type":"","overlay-color":"","overlay-opacity":"","overlay-gradient":""},"mobile":{"background-color":"","background-image":"","background-repeat":"repeat","background-position":"center center","background-size":"auto","background-attachment":"scroll","background-type":"","background-media":"","overlay-type":"","overlay-color":"","overlay-opacity":"","overlay-gradient":""}},"ast-content-background-meta":{"desktop":{"background-color":"var(--ast-global-color-5)","background-image":"","background-repeat":"repeat","background-position":"center center","background-size":"auto","background-attachment":"scroll","background-type":"","background-media":"","overlay-type":"","overlay-color":"","overlay-opacity":"","overlay-gradient":""},"tablet":{"background-color":"var(--ast-global-color-5)","background-image":"","background-repeat":"repeat","background-position":"center center","background-size":"auto","background-attachment":"scroll","background-type":"","background-media":"","overlay-type":"","overlay-color":"","overlay-opacity":"","overlay-gradient":""},"mobile":{"background-color":"var(--ast-global-color-5)","background-image":"","background-repeat":"repeat","background-position":"center center","background-size":"auto","background-attachment":"scroll","background-type":"","background-media":"","overlay-type":"","overlay-color":"","overlay-opacity":"","overlay-gradient":""}},"_joinchat":[],"footnotes":""},"class_list":["post-1065","page","type-page","status-publish","hentry"],"uagb_featured_image_src":{"full":false,"thumbnail":false,"medium":false,"medium_large":false,"large":false,"1536x1536":false,"2048x2048":false},"uagb_author_info":{"display_name":"soporte","author_link":"https:\/\/mxit.mx\/index.php\/author\/soporte\/"},"uagb_comment_info":0,"uagb_excerpt":"PREVENCI\u00d3N DE LAVADO DE DINERO Prevenci\u00f3n de Lavado de Dinero En MXIT Global desarrollamos programas de PLD\/FT a la medida que trascienden el mero cumplimiento regulatorio, convirti\u00e9ndose en herramientas estrat\u00e9gicas de gesti\u00f3n de riesgos financieros. Nuestro enfoque combina el an\u00e1lisis de vulnerabilidades espec\u00edficas por producto, canal y geograf\u00eda con la implementaci\u00f3n de controles inteligentes adaptados&hellip;","_links":{"self":[{"href":"https:\/\/mxit.mx\/index.php\/wp-json\/wp\/v2\/pages\/1065","targetHints":{"allow":["GET"]}}],"collection":[{"href":"https:\/\/mxit.mx\/index.php\/wp-json\/wp\/v2\/pages"}],"about":[{"href":"https:\/\/mxit.mx\/index.php\/wp-json\/wp\/v2\/types\/page"}],"author":[{"embeddable":true,"href":"https:\/\/mxit.mx\/index.php\/wp-json\/wp\/v2\/users\/1"}],"replies":[{"embeddable":true,"href":"https:\/\/mxit.mx\/index.php\/wp-json\/wp\/v2\/comments?post=1065"}],"version-history":[{"count":4,"href":"https:\/\/mxit.mx\/index.php\/wp-json\/wp\/v2\/pages\/1065\/revisions"}],"predecessor-version":[{"id":1349,"href":"https:\/\/mxit.mx\/index.php\/wp-json\/wp\/v2\/pages\/1065\/revisions\/1349"}],"wp:attachment":[{"href":"https:\/\/mxit.mx\/index.php\/wp-json\/wp\/v2\/media?parent=1065"}],"curies":[{"name":"wp","href":"https:\/\/api.w.org\/{rel}","templated":true}]}}