{"id":1069,"date":"2023-04-18T18:49:55","date_gmt":"2023-04-18T18:49:55","guid":{"rendered":"https:\/\/mxit.mx\/?page_id=1069"},"modified":"2025-06-09T23:43:11","modified_gmt":"2025-06-09T23:43:11","slug":"seguridad","status":"publish","type":"page","link":"https:\/\/mxit.mx\/index.php\/seguridad\/","title":{"rendered":"Prevencion de fraudes"},"content":{"rendered":"\n<div class=\"wp-block-uagb-container uagb-block-38054bd8 alignfull uagb-is-root-container\"><div class=\"uagb-container-inner-blocks-wrap\">\n<div class=\"wp-block-uagb-advanced-heading uagb-block-05fb0599\"><h1 class=\"uagb-heading-text\">PREVENCI\u00d3N DE FRAUDES<\/h1><\/div>\n<\/div><\/div>\n\n\n\n<div class=\"wp-block-uagb-container uagb-block-47ab8681 alignfull uagb-is-root-container\"><div class=\"uagb-container-inner-blocks-wrap\">\n<div class=\"wp-block-uagb-container uagb-block-3eb4c0c7\">\n<h1 class=\"wp-block-heading has-ast-global-color-0-color has-text-color has-large-font-size\">Prevenci\u00f3n de Fraudes<\/h1>\n\n\n\n<p>Nuestro enfoque predictivo detecta anomal\u00edas en tiempo real desde fraudes tradicionales en medios de pago hasta ataques con deepfake o ingenier\u00eda social. Integramos tecnolog\u00eda de vanguardia con protocolos alineados a los requerimientos de la CNBV, Banxico y est\u00e1ndares internacionales, transformando la prevenci\u00f3n de fraude de un centro de costos a un generador de confianza y eficiencia operativa. Nuestros expertos, con experiencia en investigaciones financieras y ciberdelitos, desarrollan soluciones a medida para riesgos espec\u00edficos de su sector ya sea fraude interno en instituciones financieras, suplantaci\u00f3n de identidad en retail o manipulaci\u00f3n de proveedores en manufactura. M\u00e1s que herramientas tecnol\u00f3gicas, implementamos ecosistemas completos de integridad corporativa. Nuestras soluciones no solo reducen p\u00e9rdidas econ\u00f3micas inmediatas, sino que fortalecen la resiliencia organizacional, optimizan procesos cr\u00edticos y protegen el valor de su marca.<\/p>\n<\/div>\n\n\n\n<div class=\"wp-block-uagb-container uagb-block-ed7cf8a0\">\n<figure class=\"wp-block-image size-large has-custom-border\"><img loading=\"lazy\" decoding=\"async\" width=\"1024\" height=\"580\" src=\"https:\/\/mxit.mx\/wp-content\/uploads\/2025\/06\/prevencion-de-fraudes-1-1024x580.png\" alt=\"\" class=\"wp-image-1350\" style=\"border-radius:30px\" srcset=\"https:\/\/mxit.mx\/wp-content\/uploads\/2025\/06\/prevencion-de-fraudes-1-1024x580.png 1024w, https:\/\/mxit.mx\/wp-content\/uploads\/2025\/06\/prevencion-de-fraudes-1-300x170.png 300w, https:\/\/mxit.mx\/wp-content\/uploads\/2025\/06\/prevencion-de-fraudes-1-768x435.png 768w, https:\/\/mxit.mx\/wp-content\/uploads\/2025\/06\/prevencion-de-fraudes-1.png 1067w\" sizes=\"auto, (max-width: 1024px) 100vw, 1024px\" \/><\/figure>\n<\/div>\n<\/div><\/div>\n\n\n\n<div class=\"wp-block-uagb-container uagb-block-5e8cdc14 alignfull uagb-is-root-container\"><div class=\"uagb-container-inner-blocks-wrap\">\n<div class=\"wp-block-uagb-advanced-heading uagb-block-3f1a0fcf\"><h2 class=\"uagb-heading-text\"><strong>Tenemos la soluci\u00f3n perfecta que cumple tus expectativas.<\/strong><\/h2><\/div>\n<\/div><\/div>\n","protected":false},"excerpt":{"rendered":"<p>PREVENCI\u00d3N DE FRAUDES Prevenci\u00f3n de Fraudes Nuestro enfoque predictivo detecta anomal\u00edas en tiempo real desde fraudes tradicionales en medios de pago hasta ataques con deepfake o ingenier\u00eda social. Integramos tecnolog\u00eda de vanguardia con protocolos alineados a los requerimientos de la CNBV, Banxico y est\u00e1ndares internacionales, transformando la prevenci\u00f3n de fraude de un centro de costos [&hellip;]<\/p>\n","protected":false},"author":1,"featured_media":0,"parent":0,"menu_order":0,"comment_status":"closed","ping_status":"closed","template":"","meta":{"_uag_custom_page_level_css":"","site-sidebar-layout":"default","site-content-layout":"","ast-site-content-layout":"default","site-content-style":"default","site-sidebar-style":"default","ast-global-header-display":"","ast-banner-title-visibility":"","ast-main-header-display":"","ast-hfb-above-header-display":"","ast-hfb-below-header-display":"","ast-hfb-mobile-header-display":"","site-post-title":"disabled","ast-breadcrumbs-content":"","ast-featured-img":"","footer-sml-layout":"","ast-disable-related-posts":"","theme-transparent-header-meta":"disabled","adv-header-id-meta":"","stick-header-meta":"","header-above-stick-meta":"","header-main-stick-meta":"","header-below-stick-meta":"","astra-migrate-meta-layouts":"set","ast-page-background-enabled":"default","ast-page-background-meta":{"desktop":{"background-color":"var(--ast-global-color-4)","background-image":"","background-repeat":"repeat","background-position":"center center","background-size":"auto","background-attachment":"scroll","background-type":"","background-media":"","overlay-type":"","overlay-color":"","overlay-opacity":"","overlay-gradient":""},"tablet":{"background-color":"","background-image":"","background-repeat":"repeat","background-position":"center center","background-size":"auto","background-attachment":"scroll","background-type":"","background-media":"","overlay-type":"","overlay-color":"","overlay-opacity":"","overlay-gradient":""},"mobile":{"background-color":"","background-image":"","background-repeat":"repeat","background-position":"center center","background-size":"auto","background-attachment":"scroll","background-type":"","background-media":"","overlay-type":"","overlay-color":"","overlay-opacity":"","overlay-gradient":""}},"ast-content-background-meta":{"desktop":{"background-color":"var(--ast-global-color-5)","background-image":"","background-repeat":"repeat","background-position":"center center","background-size":"auto","background-attachment":"scroll","background-type":"","background-media":"","overlay-type":"","overlay-color":"","overlay-opacity":"","overlay-gradient":""},"tablet":{"background-color":"var(--ast-global-color-5)","background-image":"","background-repeat":"repeat","background-position":"center center","background-size":"auto","background-attachment":"scroll","background-type":"","background-media":"","overlay-type":"","overlay-color":"","overlay-opacity":"","overlay-gradient":""},"mobile":{"background-color":"var(--ast-global-color-5)","background-image":"","background-repeat":"repeat","background-position":"center center","background-size":"auto","background-attachment":"scroll","background-type":"","background-media":"","overlay-type":"","overlay-color":"","overlay-opacity":"","overlay-gradient":""}},"_joinchat":[],"footnotes":""},"class_list":["post-1069","page","type-page","status-publish","hentry"],"uagb_featured_image_src":{"full":false,"thumbnail":false,"medium":false,"medium_large":false,"large":false,"1536x1536":false,"2048x2048":false},"uagb_author_info":{"display_name":"soporte","author_link":"https:\/\/mxit.mx\/index.php\/author\/soporte\/"},"uagb_comment_info":0,"uagb_excerpt":"PREVENCI\u00d3N DE FRAUDES Prevenci\u00f3n de Fraudes Nuestro enfoque predictivo detecta anomal\u00edas en tiempo real desde fraudes tradicionales en medios de pago hasta ataques con deepfake o ingenier\u00eda social. Integramos tecnolog\u00eda de vanguardia con protocolos alineados a los requerimientos de la CNBV, Banxico y est\u00e1ndares internacionales, transformando la prevenci\u00f3n de fraude de un centro de costos&hellip;","_links":{"self":[{"href":"https:\/\/mxit.mx\/index.php\/wp-json\/wp\/v2\/pages\/1069","targetHints":{"allow":["GET"]}}],"collection":[{"href":"https:\/\/mxit.mx\/index.php\/wp-json\/wp\/v2\/pages"}],"about":[{"href":"https:\/\/mxit.mx\/index.php\/wp-json\/wp\/v2\/types\/page"}],"author":[{"embeddable":true,"href":"https:\/\/mxit.mx\/index.php\/wp-json\/wp\/v2\/users\/1"}],"replies":[{"embeddable":true,"href":"https:\/\/mxit.mx\/index.php\/wp-json\/wp\/v2\/comments?post=1069"}],"version-history":[{"count":5,"href":"https:\/\/mxit.mx\/index.php\/wp-json\/wp\/v2\/pages\/1069\/revisions"}],"predecessor-version":[{"id":1352,"href":"https:\/\/mxit.mx\/index.php\/wp-json\/wp\/v2\/pages\/1069\/revisions\/1352"}],"wp:attachment":[{"href":"https:\/\/mxit.mx\/index.php\/wp-json\/wp\/v2\/media?parent=1069"}],"curies":[{"name":"wp","href":"https:\/\/api.w.org\/{rel}","templated":true}]}}