{"id":1230,"date":"2023-05-29T19:18:17","date_gmt":"2023-05-29T19:18:17","guid":{"rendered":"https:\/\/mxit.mx\/?page_id=1230"},"modified":"2025-06-09T23:30:53","modified_gmt":"2025-06-09T23:30:53","slug":"procesos","status":"publish","type":"page","link":"https:\/\/mxit.mx\/index.php\/procesos\/","title":{"rendered":"Procesos"},"content":{"rendered":"\n<div class=\"wp-block-uagb-container uagb-block-7fdf006d alignfull uagb-is-root-container\"><div class=\"uagb-container-inner-blocks-wrap\">\n<div class=\"wp-block-uagb-advanced-heading uagb-block-848810ad\"><h1 class=\"uagb-heading-text\">Gobierno de Procesos<\/h1><\/div>\n<\/div><\/div>\n\n\n\n<div class=\"wp-block-uagb-container uagb-block-fa98cfa6 alignfull uagb-is-root-container\"><div class=\"uagb-container-inner-blocks-wrap\">\n<div class=\"wp-block-uagb-container justificado uagb-block-e4eb16fb\">\n<h1 class=\"wp-block-heading has-ast-global-color-0-color has-text-color has-large-font-size\">Gobierno de Procesos<\/h1>\n\n\n\n<p>Convertimos la gesti\u00f3n de procesos en una ventaja competitiva para su organizaci\u00f3n. Nuestro enfoque estrat\u00e9gico va m\u00e1s all\u00e1 de la simple optimizaci\u00f3n: redise\u00f1amos operaciones desde sus cimientos, integrando las mejores pr\u00e1cticas de gesti\u00f3n con tecnolog\u00edas disruptivas para crear flujos de trabajo \u00e1giles, inteligentes y alineados con sus objetivos de negocio.<\/p>\n\n\n\n<p>Transformamos sus operaciones mediante los siguientes ejes clave:<\/p>\n\n\n\n<p>Dise\u00f1o de procesos: Utilizamos t\u00e9cnicas y metodolog\u00edas avanzadas para dise\u00f1ar procesos empresariales eficientes y adaptados a las necesidades de cada organizaci\u00f3n. Nos aseguramos de que los procesos est\u00e9n alineados con los objetivos estrat\u00e9gicos de la empresa y optimizados para lograr resultados \u00f3ptimos.&nbsp;<\/p>\n\n\n\n<p>Modelado de procesos: Mediante el uso de herramientas y software especializado, realizamos el modelado detallado de los procesos existentes y los nuevos procesos dise\u00f1ados. Esto permite una comprensi\u00f3n visual clara de c\u00f3mo funcionan los procesos, identificar \u00e1reas de mejora y facilitar la comunicaci\u00f3n entre los equipos.&nbsp;<\/p>\n\n\n\n<p>Alineaci\u00f3n de procesos: Trabajamos en estrecha colaboraci\u00f3n con las diferentes \u00e1reas de la organizaci\u00f3n para garantizar una alineaci\u00f3n efectiva de los procesos. Esto implica identificar y resolver posibles brechas o ineficiencias, y asegurar que todos los componentes del negocio trabajen de manera armoniosa y coordinada. Mejora de procesos: Mediante el an\u00e1lisis detallado de los procesos existentes, identificamos \u00e1reas de mejora y proponemos soluciones innovadoras para optimizar la eficiencia y la calidad.&nbsp;<\/p>\n\n\n\n<p>Documentaci\u00f3n de procesos: Generamos documentaci\u00f3n exhaustiva de los procesos, incluyendo manuales, diagramas, flujos de trabajo y procedimientos operativos est\u00e1ndar (SOP, por sus siglas en ingl\u00e9s). Esto facilita la transferencia de conocimientos, mejora la capacitaci\u00f3n del personal y asegura la consistencia en la ejecuci\u00f3n de los procesos.<\/p>\n\n\n\n<ul class=\"wp-block-list\"><\/ul>\n<\/div>\n\n\n\n<div class=\"wp-block-uagb-container uagb-block-461fc401\">\n<figure class=\"wp-block-image size-large has-custom-border\"><img loading=\"lazy\" decoding=\"async\" width=\"1024\" height=\"576\" src=\"https:\/\/mxit.mx\/wp-content\/uploads\/2023\/05\/Procesos-2-1024x576.png\" alt=\"\" class=\"wp-image-1234\" style=\"border-radius:30px\" srcset=\"https:\/\/mxit.mx\/wp-content\/uploads\/2023\/05\/Procesos-2-1024x576.png 1024w, https:\/\/mxit.mx\/wp-content\/uploads\/2023\/05\/Procesos-2-300x169.png 300w, https:\/\/mxit.mx\/wp-content\/uploads\/2023\/05\/Procesos-2-768x432.png 768w, https:\/\/mxit.mx\/wp-content\/uploads\/2023\/05\/Procesos-2-1536x864.png 1536w, https:\/\/mxit.mx\/wp-content\/uploads\/2023\/05\/Procesos-2.png 1920w\" sizes=\"auto, (max-width: 1024px) 100vw, 1024px\" \/><\/figure>\n<\/div>\n<\/div><\/div>\n\n\n\n<div class=\"wp-block-uagb-container uagb-block-fc1c72b6 alignfull uagb-is-root-container\"><div class=\"uagb-container-inner-blocks-wrap\">\n<div class=\"wp-block-uagb-advanced-heading uagb-block-d441bf96\"><h2 class=\"uagb-heading-text\"><strong>Tenemos la soluci\u00f3n perfecta que cumple tus expectativas.<\/strong><\/h2><\/div>\n<\/div><\/div>\n","protected":false},"excerpt":{"rendered":"<p>Gobierno de Procesos Gobierno de Procesos Convertimos la gesti\u00f3n de procesos en una ventaja competitiva para su organizaci\u00f3n. Nuestro enfoque estrat\u00e9gico va m\u00e1s all\u00e1 de la simple optimizaci\u00f3n: redise\u00f1amos operaciones desde sus cimientos, integrando las mejores pr\u00e1cticas de gesti\u00f3n con tecnolog\u00edas disruptivas para crear flujos de trabajo \u00e1giles, inteligentes y alineados con sus objetivos de [&hellip;]<\/p>\n","protected":false},"author":1,"featured_media":0,"parent":0,"menu_order":0,"comment_status":"closed","ping_status":"closed","template":"","meta":{"_uag_custom_page_level_css":"","site-sidebar-layout":"default","site-content-layout":"","ast-site-content-layout":"default","site-content-style":"default","site-sidebar-style":"default","ast-global-header-display":"","ast-banner-title-visibility":"","ast-main-header-display":"","ast-hfb-above-header-display":"","ast-hfb-below-header-display":"","ast-hfb-mobile-header-display":"","site-post-title":"disabled","ast-breadcrumbs-content":"","ast-featured-img":"","footer-sml-layout":"","ast-disable-related-posts":"","theme-transparent-header-meta":"disabled","adv-header-id-meta":"","stick-header-meta":"","header-above-stick-meta":"","header-main-stick-meta":"","header-below-stick-meta":"","astra-migrate-meta-layouts":"set","ast-page-background-enabled":"default","ast-page-background-meta":{"desktop":{"background-color":"var(--ast-global-color-4)","background-image":"","background-repeat":"repeat","background-position":"center center","background-size":"auto","background-attachment":"scroll","background-type":"","background-media":"","overlay-type":"","overlay-color":"","overlay-opacity":"","overlay-gradient":""},"tablet":{"background-color":"","background-image":"","background-repeat":"repeat","background-position":"center center","background-size":"auto","background-attachment":"scroll","background-type":"","background-media":"","overlay-type":"","overlay-color":"","overlay-opacity":"","overlay-gradient":""},"mobile":{"background-color":"","background-image":"","background-repeat":"repeat","background-position":"center center","background-size":"auto","background-attachment":"scroll","background-type":"","background-media":"","overlay-type":"","overlay-color":"","overlay-opacity":"","overlay-gradient":""}},"ast-content-background-meta":{"desktop":{"background-color":"var(--ast-global-color-5)","background-image":"","background-repeat":"repeat","background-position":"center center","background-size":"auto","background-attachment":"scroll","background-type":"","background-media":"","overlay-type":"","overlay-color":"","overlay-opacity":"","overlay-gradient":""},"tablet":{"background-color":"var(--ast-global-color-5)","background-image":"","background-repeat":"repeat","background-position":"center center","background-size":"auto","background-attachment":"scroll","background-type":"","background-media":"","overlay-type":"","overlay-color":"","overlay-opacity":"","overlay-gradient":""},"mobile":{"background-color":"var(--ast-global-color-5)","background-image":"","background-repeat":"repeat","background-position":"center center","background-size":"auto","background-attachment":"scroll","background-type":"","background-media":"","overlay-type":"","overlay-color":"","overlay-opacity":"","overlay-gradient":""}},"_joinchat":[],"footnotes":""},"class_list":["post-1230","page","type-page","status-publish","hentry"],"uagb_featured_image_src":{"full":false,"thumbnail":false,"medium":false,"medium_large":false,"large":false,"1536x1536":false,"2048x2048":false},"uagb_author_info":{"display_name":"soporte","author_link":"https:\/\/mxit.mx\/index.php\/author\/soporte\/"},"uagb_comment_info":0,"uagb_excerpt":"Gobierno de Procesos Gobierno de Procesos Convertimos la gesti\u00f3n de procesos en una ventaja competitiva para su organizaci\u00f3n. Nuestro enfoque estrat\u00e9gico va m\u00e1s all\u00e1 de la simple optimizaci\u00f3n: redise\u00f1amos operaciones desde sus cimientos, integrando las mejores pr\u00e1cticas de gesti\u00f3n con tecnolog\u00edas disruptivas para crear flujos de trabajo \u00e1giles, inteligentes y alineados con sus objetivos de&hellip;","_links":{"self":[{"href":"https:\/\/mxit.mx\/index.php\/wp-json\/wp\/v2\/pages\/1230","targetHints":{"allow":["GET"]}}],"collection":[{"href":"https:\/\/mxit.mx\/index.php\/wp-json\/wp\/v2\/pages"}],"about":[{"href":"https:\/\/mxit.mx\/index.php\/wp-json\/wp\/v2\/types\/page"}],"author":[{"embeddable":true,"href":"https:\/\/mxit.mx\/index.php\/wp-json\/wp\/v2\/users\/1"}],"replies":[{"embeddable":true,"href":"https:\/\/mxit.mx\/index.php\/wp-json\/wp\/v2\/comments?post=1230"}],"version-history":[{"count":9,"href":"https:\/\/mxit.mx\/index.php\/wp-json\/wp\/v2\/pages\/1230\/revisions"}],"predecessor-version":[{"id":1335,"href":"https:\/\/mxit.mx\/index.php\/wp-json\/wp\/v2\/pages\/1230\/revisions\/1335"}],"wp:attachment":[{"href":"https:\/\/mxit.mx\/index.php\/wp-json\/wp\/v2\/media?parent=1230"}],"curies":[{"name":"wp","href":"https:\/\/api.w.org\/{rel}","templated":true}]}}