{"id":1318,"date":"2025-06-09T23:01:41","date_gmt":"2025-06-09T23:01:41","guid":{"rendered":"https:\/\/mxit.mx\/?page_id=1318"},"modified":"2025-06-09T23:48:15","modified_gmt":"2025-06-09T23:48:15","slug":"evaluacion-de-sistemas-de-pago","status":"publish","type":"page","link":"https:\/\/mxit.mx\/index.php\/evaluacion-de-sistemas-de-pago\/","title":{"rendered":"Evaluaci\u00f3n de Sistemas de Pago"},"content":{"rendered":"\n<div class=\"wp-block-cover alignfull\"><img loading=\"lazy\" decoding=\"async\" width=\"1024\" height=\"538\" class=\"wp-block-cover__image-background wp-image-944\" alt=\"\" src=\"https:\/\/mxit.mx\/wp-content\/uploads\/2023\/04\/proyectos-1024x538.jpeg\" data-object-fit=\"cover\" srcset=\"https:\/\/mxit.mx\/wp-content\/uploads\/2023\/04\/proyectos-1024x538.jpeg 1024w, https:\/\/mxit.mx\/wp-content\/uploads\/2023\/04\/proyectos-300x158.jpeg 300w, https:\/\/mxit.mx\/wp-content\/uploads\/2023\/04\/proyectos-768x404.jpeg 768w, https:\/\/mxit.mx\/wp-content\/uploads\/2023\/04\/proyectos.jpeg 1206w\" sizes=\"auto, (max-width: 1024px) 100vw, 1024px\" \/><span aria-hidden=\"true\" class=\"wp-block-cover__background has-background-dim\"><\/span><div class=\"wp-block-cover__inner-container is-layout-flow wp-block-cover-is-layout-flow\">\n<header class=\"wp-block-uagb-advanced-heading uagb-block-ba8bab41\"><h1 class=\"uagb-heading-text\">EVALUACI\u00d3N DE SISTEMAS DE PAGO<\/h1><\/header>\n<\/div><\/div>\n\n\n\n<p><\/p>\n\n\n\n<p><\/p>\n\n\n\n<p><\/p>\n\n\n\n<div class=\"wp-block-group is-layout-constrained wp-block-group-is-layout-constrained\">\n<div class=\"wp-block-uagb-container uagb-block-c1f5fdcc alignfull uagb-is-root-container\"><div class=\"uagb-container-inner-blocks-wrap\">\n<div class=\"wp-block-uagb-container uagb-block-a35a98af\">\n<h3 class=\"wp-block-heading\"><span style=\"color: #ff6600;\">Evaluaci\u00f3n de Sistemas de Pago<\/span><\/h3>\n\n\n\n<p class=\"has-text-align-left\">Realizamos evaluaciones exhaustivas de sus plataformas de pagos para garantizar seguridad, eficiencia y cumplimiento regulatorio. <\/p>\n\n\n\n<p class=\"has-text-align-left\">Nuestro an\u00e1lisis cubre todos los componentes cr\u00edticos desde APIs transaccionales y procesamiento de datos sensibles hasta integraciones con SPEI, CoDi y pasarelas internacionales identificando vulnerabilidades t\u00e9cnicas y operativas que podr\u00edan exponer su operaci\u00f3n a fraudes o fallas sist\u00e9micas. <\/p>\n\n\n\n<p class=\"has-text-align-left\">Combinamos pruebas t\u00e9cnicas avanzadas (como an\u00e1lisis de c\u00f3digo y simulaciones de ataques) con auditor\u00edas de cumplimiento (PCI-DSS, CNBV, Banxico) para ofrecer una visi\u00f3n hol\u00edstica de los riesgos y oportunidades en sus flujos de pago.<\/p>\n\n\n\n<p class=\"has-text-align-left\"> M\u00e1s que un reporte de hallazgos, entregamos un roadmap ejecutable para modernizar su infraestructura, reducir costos por fraude y mejorar la experiencia transaccional &#8211; todo mientras cumple con los exigentes est\u00e1ndares de Banxico y normativas internacionales. <\/p>\n\n\n\n<p class=\"has-text-align-left\">En un mercado donde el 42% de los incidentes financieros ocurren en sistemas de pagos (ENIF 2023), le proporcionamos la certeza de operar con plataformas robustas, eficientes y preparadas para el futuro de las transacciones digitales.<\/p>\n<\/div>\n\n\n\n<div class=\"wp-block-uagb-container uagb-block-aba79022\">\n<p><\/p>\n\n\n\n<figure class=\"wp-block-image aligncenter size-large has-custom-border\" style=\"margin-top:var(--wp--preset--spacing--60);margin-right:300px;margin-bottom:var(--wp--preset--spacing--60);margin-left:300px\"><img loading=\"lazy\" decoding=\"async\" width=\"1024\" height=\"579\" src=\"https:\/\/mxit.mx\/wp-content\/uploads\/2025\/06\/evaluacion-de-sistemas-de-pago-3-1024x579.png\" alt=\"\" class=\"wp-image-1321\" style=\"border-style:none;border-width:0px;border-radius:30px\" srcset=\"https:\/\/mxit.mx\/wp-content\/uploads\/2025\/06\/evaluacion-de-sistemas-de-pago-3-1024x579.png 1024w, https:\/\/mxit.mx\/wp-content\/uploads\/2025\/06\/evaluacion-de-sistemas-de-pago-3-300x170.png 300w, https:\/\/mxit.mx\/wp-content\/uploads\/2025\/06\/evaluacion-de-sistemas-de-pago-3-768x434.png 768w, https:\/\/mxit.mx\/wp-content\/uploads\/2025\/06\/evaluacion-de-sistemas-de-pago-3.png 1069w\" sizes=\"auto, (max-width: 1024px) 100vw, 1024px\" \/><\/figure>\n\n\n\n<p><\/p>\n<\/div>\n<\/div><\/div>\n<\/div>\n\n\n\n<p><\/p>\n\n\n\n<p><\/p>\n\n\n\n<p><\/p>\n\n\n\n<p><\/p>\n\n\n\n<div class=\"wp-block-cover alignfull\"><img loading=\"lazy\" decoding=\"async\" width=\"1024\" height=\"535\" class=\"wp-block-cover__image-background wp-image-915\" alt=\"\" src=\"https:\/\/mxit.mx\/wp-content\/uploads\/2023\/04\/grafeno-1024x535.jpg\" data-object-fit=\"cover\" srcset=\"https:\/\/mxit.mx\/wp-content\/uploads\/2023\/04\/grafeno-1024x535.jpg 1024w, https:\/\/mxit.mx\/wp-content\/uploads\/2023\/04\/grafeno-300x157.jpg 300w, https:\/\/mxit.mx\/wp-content\/uploads\/2023\/04\/grafeno-768x401.jpg 768w, https:\/\/mxit.mx\/wp-content\/uploads\/2023\/04\/grafeno.jpg 1200w\" sizes=\"auto, (max-width: 1024px) 100vw, 1024px\" \/><span aria-hidden=\"true\" class=\"wp-block-cover__background has-background-dim\"><\/span><div class=\"wp-block-cover__inner-container is-layout-flow wp-block-cover-is-layout-flow\">\n<p class=\"has-text-align-center has-large-font-size\"><\/p>\n\n\n\n<h2 class=\"wp-block-heading has-text-align-center has-ast-global-color-5-color has-text-color has-link-color has-x-large-font-size wp-elements-0342d645d8e1e962b45f936dcee786a1\">Tenemos la soluci\u00f3n perfecta que cumple tus expectativas<\/h2>\n<\/div><\/div>\n\n\n\n<p><\/p>\n\n\n\n<p><\/p>\n\n\n\n<p><\/p>\n\n\n\n<p><\/p>\n\n\n\n<p><\/p>\n\n\n\n<p><\/p>\n\n\n\n<p><\/p>\n\n\n\n<p><\/p>\n","protected":false},"excerpt":{"rendered":"<p>Evaluaci\u00f3n de Sistemas de Pago Realizamos evaluaciones exhaustivas de sus plataformas de pagos para garantizar seguridad, eficiencia y cumplimiento regulatorio. Nuestro an\u00e1lisis cubre todos los componentes cr\u00edticos desde APIs transaccionales y procesamiento de datos sensibles hasta integraciones con SPEI, CoDi y pasarelas internacionales identificando vulnerabilidades t\u00e9cnicas y operativas que podr\u00edan exponer su operaci\u00f3n a fraudes [&hellip;]<\/p>\n","protected":false},"author":3,"featured_media":0,"parent":0,"menu_order":0,"comment_status":"closed","ping_status":"closed","template":"","meta":{"_uag_custom_page_level_css":"","site-sidebar-layout":"default","site-content-layout":"","ast-site-content-layout":"default","site-content-style":"default","site-sidebar-style":"default","ast-global-header-display":"","ast-banner-title-visibility":"","ast-main-header-display":"","ast-hfb-above-header-display":"","ast-hfb-below-header-display":"","ast-hfb-mobile-header-display":"","site-post-title":"","ast-breadcrumbs-content":"","ast-featured-img":"","footer-sml-layout":"","ast-disable-related-posts":"","theme-transparent-header-meta":"","adv-header-id-meta":"","stick-header-meta":"","header-above-stick-meta":"","header-main-stick-meta":"","header-below-stick-meta":"","astra-migrate-meta-layouts":"set","ast-page-background-enabled":"default","ast-page-background-meta":{"desktop":{"background-color":"var(--ast-global-color-4)","background-image":"","background-repeat":"repeat","background-position":"center center","background-size":"auto","background-attachment":"scroll","background-type":"","background-media":"","overlay-type":"","overlay-color":"","overlay-opacity":"","overlay-gradient":""},"tablet":{"background-color":"","background-image":"","background-repeat":"repeat","background-position":"center center","background-size":"auto","background-attachment":"scroll","background-type":"","background-media":"","overlay-type":"","overlay-color":"","overlay-opacity":"","overlay-gradient":""},"mobile":{"background-color":"","background-image":"","background-repeat":"repeat","background-position":"center center","background-size":"auto","background-attachment":"scroll","background-type":"","background-media":"","overlay-type":"","overlay-color":"","overlay-opacity":"","overlay-gradient":""}},"ast-content-background-meta":{"desktop":{"background-color":"var(--ast-global-color-5)","background-image":"","background-repeat":"repeat","background-position":"center center","background-size":"auto","background-attachment":"scroll","background-type":"","background-media":"","overlay-type":"","overlay-color":"","overlay-opacity":"","overlay-gradient":""},"tablet":{"background-color":"var(--ast-global-color-5)","background-image":"","background-repeat":"repeat","background-position":"center center","background-size":"auto","background-attachment":"scroll","background-type":"","background-media":"","overlay-type":"","overlay-color":"","overlay-opacity":"","overlay-gradient":""},"mobile":{"background-color":"var(--ast-global-color-5)","background-image":"","background-repeat":"repeat","background-position":"center center","background-size":"auto","background-attachment":"scroll","background-type":"","background-media":"","overlay-type":"","overlay-color":"","overlay-opacity":"","overlay-gradient":""}},"_joinchat":[],"footnotes":""},"class_list":["post-1318","page","type-page","status-publish","hentry"],"uagb_featured_image_src":{"full":false,"thumbnail":false,"medium":false,"medium_large":false,"large":false,"1536x1536":false,"2048x2048":false},"uagb_author_info":{"display_name":"Cecilia Rangel","author_link":"https:\/\/mxit.mx\/index.php\/author\/crangel\/"},"uagb_comment_info":0,"uagb_excerpt":"Evaluaci\u00f3n de Sistemas de Pago Realizamos evaluaciones exhaustivas de sus plataformas de pagos para garantizar seguridad, eficiencia y cumplimiento regulatorio. Nuestro an\u00e1lisis cubre todos los componentes cr\u00edticos desde APIs transaccionales y procesamiento de datos sensibles hasta integraciones con SPEI, CoDi y pasarelas internacionales identificando vulnerabilidades t\u00e9cnicas y operativas que podr\u00edan exponer su operaci\u00f3n a fraudes&hellip;","_links":{"self":[{"href":"https:\/\/mxit.mx\/index.php\/wp-json\/wp\/v2\/pages\/1318","targetHints":{"allow":["GET"]}}],"collection":[{"href":"https:\/\/mxit.mx\/index.php\/wp-json\/wp\/v2\/pages"}],"about":[{"href":"https:\/\/mxit.mx\/index.php\/wp-json\/wp\/v2\/types\/page"}],"author":[{"embeddable":true,"href":"https:\/\/mxit.mx\/index.php\/wp-json\/wp\/v2\/users\/3"}],"replies":[{"embeddable":true,"href":"https:\/\/mxit.mx\/index.php\/wp-json\/wp\/v2\/comments?post=1318"}],"version-history":[{"count":2,"href":"https:\/\/mxit.mx\/index.php\/wp-json\/wp\/v2\/pages\/1318\/revisions"}],"predecessor-version":[{"id":1356,"href":"https:\/\/mxit.mx\/index.php\/wp-json\/wp\/v2\/pages\/1318\/revisions\/1356"}],"wp:attachment":[{"href":"https:\/\/mxit.mx\/index.php\/wp-json\/wp\/v2\/media?parent=1318"}],"curies":[{"name":"wp","href":"https:\/\/api.w.org\/{rel}","templated":true}]}}