{"id":354,"date":"2022-10-17T07:03:13","date_gmt":"2022-10-17T07:03:13","guid":{"rendered":"https:\/\/mxit.mx\/index.php\/services\/"},"modified":"2025-06-09T23:44:43","modified_gmt":"2025-06-09T23:44:43","slug":"servicios","status":"publish","type":"page","link":"https:\/\/mxit.mx\/index.php\/servicios\/","title":{"rendered":"Servicios"},"content":{"rendered":"\n<div class=\"wp-block-uagb-container uagb-block-62af8b84 alignfull uagb-is-root-container\"><div class=\"uagb-container-inner-blocks-wrap\">\n<div class=\"wp-block-uagb-advanced-heading uagb-block-a8e9645e\"><h1 class=\"uagb-heading-text\">SERVICIOS<\/h1><\/div>\n<\/div><\/div>\n\n\n\n<div class=\"wp-block-uagb-container uagb-block-7717da48 alignfull uagb-is-root-container\"><div class=\"uagb-container-inner-blocks-wrap\">\n<div class=\"wp-block-uagb-container uagb-block-dea08e4f\">\n<figure class=\"wp-block-image size-large has-custom-border\"><img loading=\"lazy\" decoding=\"async\" width=\"1024\" height=\"576\" src=\"https:\/\/mxit.mx\/wp-content\/uploads\/2023\/05\/Procesos-1024x576.png\" alt=\"\" class=\"wp-image-1203\" style=\"border-radius:30px\" srcset=\"https:\/\/mxit.mx\/wp-content\/uploads\/2023\/05\/Procesos-1024x576.png 1024w, https:\/\/mxit.mx\/wp-content\/uploads\/2023\/05\/Procesos-300x169.png 300w, https:\/\/mxit.mx\/wp-content\/uploads\/2023\/05\/Procesos-768x432.png 768w, https:\/\/mxit.mx\/wp-content\/uploads\/2023\/05\/Procesos-1536x864.png 1536w, https:\/\/mxit.mx\/wp-content\/uploads\/2023\/05\/Procesos.png 1920w\" sizes=\"auto, (max-width: 1024px) 100vw, 1024px\" \/><\/figure>\n<\/div>\n\n\n\n<div class=\"wp-block-uagb-container uagb-block-8b385d6e\">\n<div class=\"wp-block-uagb-info-box uagb-block-5e5fc33e uagb-infobox__content-wrap  uagb-infobox-icon-above-title uagb-infobox-image-valign-top justificado\">\n<div class=\"uagb-ifb-content\">\n<div class=\"uagb-ifb-title-wrap\">\n<h3 class=\"uagb-ifb-title\">Gobierno de Procesos<\/h3>\n<\/div>\n<p class=\"uagb-ifb-desc\">Convertimos la gesti\u00f3n de procesos en una ventaja competitiva para su organizaci\u00f3n. Nuestro enfoque estrat\u00e9gico va m\u00e1s all\u00e1 de la simple optimizaci\u00f3n: redise\u00f1amos operaciones desde sus cimientos, integrando las mejores pr\u00e1cticas de gesti\u00f3n con tecnolog\u00edas disruptivas para crear flujos de trabajo \u00e1giles, inteligentes y alineados con sus objetivos de negocio<\/p>\n<div class=\"uagb-ifb-button-wrapper wp-block-button\"><a class=\"uagb-infobox-cta-link wp-block-button__link\" href=\"\/\/mxit.mx\/index.php\/procesos\/\" target=\"_self\" rel=\"noopener noreferrer\"><span class=\"uagb-inline-editing\">Leer m\u00e1s<\/span><\/a><\/div>\n<\/div>\n<\/div>\n<\/div>\n<\/div><\/div>\n\n\n\n<div class=\"wp-block-uagb-container uagb-block-0c9d4b34 alignfull uagb-is-root-container\"><div class=\"uagb-container-inner-blocks-wrap\">\n<div class=\"wp-block-uagb-container uagb-block-335f511a\">\n<div class=\"wp-block-uagb-info-box uagb-block-6a6c90d3 uagb-infobox__content-wrap  uagb-infobox-icon-above-title uagb-infobox-image-valign-top justificado\">\n<div class=\"uagb-ifb-content\">\n<div class=\"uagb-ifb-title-wrap\">\n<h3 class=\"uagb-ifb-title\">Auditor\u00eda<\/h3>\n<\/div>\n<p class=\"uagb-ifb-desc\">Realizamos auditor\u00edas integrales de sistemas de informaci\u00f3n para evaluar la seguridad, eficiencia y cumplimiento normativo de su infraestructura tecnol\u00f3gica. Nuestro proceso examina arquitecturas, controles de acceso, pol\u00edticas de seguridad y gesti\u00f3n de datos, identificando vulnerabilidades t\u00e9cnicas y oportunidades de mejora.<\/p>\n<div class=\"uagb-ifb-button-wrapper wp-block-button\"><a class=\"uagb-infobox-cta-link wp-block-button__link\" href=\"\/\/mxit.mx\/index.php\/redesdedatos\/\" target=\"_self\" rel=\"noopener noreferrer\"><span class=\"uagb-inline-editing\">Leer m\u00e1s<\/span><\/a><\/div>\n<\/div>\n<\/div>\n<\/div>\n\n\n\n<div class=\"wp-block-uagb-container uagb-block-4e78ec87\">\n<figure class=\"wp-block-image size-large has-custom-border\"><img loading=\"lazy\" decoding=\"async\" width=\"1024\" height=\"580\" src=\"https:\/\/mxit.mx\/wp-content\/uploads\/2025\/06\/auditoria-1-1024x580.png\" alt=\"\" class=\"wp-image-1308\" style=\"border-radius:30px\" srcset=\"https:\/\/mxit.mx\/wp-content\/uploads\/2025\/06\/auditoria-1-1024x580.png 1024w, https:\/\/mxit.mx\/wp-content\/uploads\/2025\/06\/auditoria-1-300x170.png 300w, https:\/\/mxit.mx\/wp-content\/uploads\/2025\/06\/auditoria-1-768x435.png 768w, https:\/\/mxit.mx\/wp-content\/uploads\/2025\/06\/auditoria-1.png 1067w\" sizes=\"auto, (max-width: 1024px) 100vw, 1024px\" \/><\/figure>\n<\/div>\n<\/div><\/div>\n\n\n\n<div class=\"wp-block-uagb-container uagb-block-8e90393c alignfull uagb-is-root-container\"><div class=\"uagb-container-inner-blocks-wrap\">\n<div class=\"wp-block-uagb-container uagb-block-dc5156b3\">\n<figure class=\"wp-block-image size-full has-custom-border\"><img loading=\"lazy\" decoding=\"async\" width=\"1065\" height=\"605\" src=\"https:\/\/mxit.mx\/wp-content\/uploads\/2025\/06\/ciberseguridad.png\" alt=\"\" class=\"wp-image-1310\" style=\"border-radius:30px\" srcset=\"https:\/\/mxit.mx\/wp-content\/uploads\/2025\/06\/ciberseguridad.png 1065w, https:\/\/mxit.mx\/wp-content\/uploads\/2025\/06\/ciberseguridad-300x170.png 300w, https:\/\/mxit.mx\/wp-content\/uploads\/2025\/06\/ciberseguridad-1024x582.png 1024w, https:\/\/mxit.mx\/wp-content\/uploads\/2025\/06\/ciberseguridad-768x436.png 768w\" sizes=\"auto, (max-width: 1065px) 100vw, 1065px\" \/><\/figure>\n<\/div>\n\n\n\n<div class=\"wp-block-uagb-container uagb-block-143cb94d\">\n<div class=\"wp-block-uagb-info-box uagb-block-2d24e59f uagb-infobox__content-wrap  uagb-infobox-icon-above-title uagb-infobox-image-valign-top justificado\">\n<div class=\"uagb-ifb-content\">\n<div class=\"uagb-ifb-title-wrap\">\n<h3 class=\"uagb-ifb-title\">Ciberseguridad<\/h3>\n<\/div>\n<p class=\"uagb-ifb-desc\">Transformamos la ciberseguridad en un motor de innovaci\u00f3n y resiliencia para su organizaci\u00f3n. Nuestros servicios integrales protegen sus activos digitales mientras impulsan su transformaci\u00f3n, combinando tecnolog\u00edas avanzadas con metodolog\u00edas adaptativas que anticipan amenazas y oportunidades en entornos empresariales din\u00e1micos.<\/p>\n<div class=\"uagb-ifb-button-wrapper wp-block-button\"><a class=\"uagb-infobox-cta-link wp-block-button__link\" href=\"\/\/mxit.mx\/index.php\/datosfijas\/\" target=\"_self\" rel=\"noopener noreferrer\"><span class=\"uagb-inline-editing\">Leer m\u00e1s<\/span><\/a><\/div>\n<\/div>\n<\/div>\n<\/div>\n<\/div><\/div>\n\n\n\n<div class=\"wp-block-uagb-container uagb-block-08bff144 alignfull uagb-is-root-container\"><div class=\"uagb-container-inner-blocks-wrap\">\n<div class=\"wp-block-uagb-container uagb-block-fafe2ec4\">\n<div class=\"wp-block-uagb-info-box uagb-block-f8429a89 uagb-infobox__content-wrap  uagb-infobox-icon-above-title uagb-infobox-image-valign-top justificado\">\n<div class=\"uagb-ifb-content\">\n<div class=\"uagb-ifb-title-wrap\">\n<h3 class=\"uagb-ifb-title\">Riesgo Operativo<\/h3>\n<\/div>\n<p class=\"uagb-ifb-desc\">MXIT Global convierte el riesgo operativo en una palanca para la excelencia operacional. Nuestras soluciones no solo protegen su organizaci\u00f3n de p\u00e9rdidas financieras y da\u00f1os reputacionales, sino que mejoran la eficiencia, agilidad y toma de decisiones en todos los niveles<\/p>\n<div class=\"uagb-ifb-button-wrapper wp-block-button\"><a class=\"uagb-infobox-cta-link wp-block-button__link\" href=\"\/\/mxit.mx\/index.php\/videovigilancia\/\" target=\"_self\" rel=\"noopener noreferrer\"><span class=\"uagb-inline-editing\">Leer m\u00e1s<\/span><\/a><\/div>\n<\/div>\n<\/div>\n<\/div>\n\n\n\n<div class=\"wp-block-uagb-container uagb-block-883e0cad\">\n<figure class=\"wp-block-image size-full has-custom-border\"><img loading=\"lazy\" decoding=\"async\" width=\"1062\" height=\"605\" src=\"https:\/\/mxit.mx\/wp-content\/uploads\/2025\/06\/riesgo-operativo.png\" alt=\"\" class=\"wp-image-1311\" style=\"border-radius:30px\" srcset=\"https:\/\/mxit.mx\/wp-content\/uploads\/2025\/06\/riesgo-operativo.png 1062w, https:\/\/mxit.mx\/wp-content\/uploads\/2025\/06\/riesgo-operativo-300x171.png 300w, https:\/\/mxit.mx\/wp-content\/uploads\/2025\/06\/riesgo-operativo-1024x583.png 1024w, https:\/\/mxit.mx\/wp-content\/uploads\/2025\/06\/riesgo-operativo-768x438.png 768w\" sizes=\"auto, (max-width: 1062px) 100vw, 1062px\" \/><\/figure>\n<\/div>\n<\/div><\/div>\n\n\n\n<div class=\"wp-block-uagb-container uagb-block-e645c41b alignfull uagb-is-root-container\"><div class=\"uagb-container-inner-blocks-wrap\">\n<div class=\"wp-block-uagb-container uagb-block-2b76d7f6\">\n<figure class=\"wp-block-image size-large has-custom-border\"><img loading=\"lazy\" decoding=\"async\" width=\"1024\" height=\"584\" src=\"https:\/\/mxit.mx\/wp-content\/uploads\/2025\/06\/riesgo-tecnologico-1-1024x584.png\" alt=\"\" class=\"wp-image-1312\" style=\"border-radius:30px\" srcset=\"https:\/\/mxit.mx\/wp-content\/uploads\/2025\/06\/riesgo-tecnologico-1-1024x584.png 1024w, https:\/\/mxit.mx\/wp-content\/uploads\/2025\/06\/riesgo-tecnologico-1-300x171.png 300w, https:\/\/mxit.mx\/wp-content\/uploads\/2025\/06\/riesgo-tecnologico-1-768x438.png 768w, https:\/\/mxit.mx\/wp-content\/uploads\/2025\/06\/riesgo-tecnologico-1.png 1059w\" sizes=\"auto, (max-width: 1024px) 100vw, 1024px\" \/><\/figure>\n<\/div>\n\n\n\n<div class=\"wp-block-uagb-container uagb-block-63eac119\">\n<div class=\"wp-block-uagb-info-box uagb-block-e1f2e2d8 uagb-infobox__content-wrap  uagb-infobox-icon-above-title uagb-infobox-image-valign-top justificado\">\n<div class=\"uagb-ifb-content\">\n<div class=\"uagb-ifb-title-wrap\">\n<h3 class=\"uagb-ifb-title\">Riesgo Tecnol\u00f3gico<\/h3>\n<\/div>\n<p class=\"uagb-ifb-desc\">En MXIT Global abordamos el riesgo tecnol\u00f3gico como un componente cr\u00edtico para la continuidad y transformaci\u00f3n digital de su organizaci\u00f3n. Nuestro enfoque integral eval\u00faa vulnerabilidades en infraestructuras cr\u00edticas, exposici\u00f3n de datos y dependencia de sistemas, identificando amenazas que van desde ciberataques hasta obsolescencia tecnol\u00f3gica<\/p>\n<div class=\"uagb-ifb-button-wrapper wp-block-button\"><a class=\"uagb-infobox-cta-link wp-block-button__link\" href=\"\/\/mxit.mx\/index.php\/reuniones\/\" target=\"_self\" rel=\"noopener noreferrer\"><span class=\"uagb-inline-editing\">Leer m\u00e1s<\/span><\/a><\/div>\n<\/div>\n<\/div>\n<\/div>\n<\/div><\/div>\n\n\n\n<div class=\"wp-block-uagb-container uagb-block-5b8d50f4 alignfull uagb-is-root-container\"><div class=\"uagb-container-inner-blocks-wrap\">\n<div class=\"wp-block-uagb-container uagb-block-8d3132de\">\n<div class=\"wp-block-uagb-info-box uagb-block-cb198b8c uagb-infobox__content-wrap  uagb-infobox-icon-above-title uagb-infobox-image-valign-top justificado\">\n<div class=\"uagb-ifb-content\">\n<div class=\"uagb-ifb-title-wrap\">\n<h4 class=\"uagb-ifb-title\">Prevenci\u00f3n de Lavado de Dinero<\/h4>\n<\/div>\n<p class=\"uagb-ifb-desc\">Nuestro enfoque combina el an\u00e1lisis de vulnerabilidades espec\u00edficas por producto, canal y geograf\u00eda con la implementaci\u00f3n de controles inteligentes adaptados a los requerimientos de la CNBV, SHCP y est\u00e1ndares internacionales (GAFI)<\/p>\n<div class=\"uagb-ifb-button-wrapper wp-block-button\"><a class=\"uagb-infobox-cta-link wp-block-button__link\" href=\"\/\/mxit.mx\/index.php\/barrido\/\" target=\"_self\" rel=\"noopener noreferrer\"><span class=\"uagb-inline-editing\">Leer m\u00e1s<\/span><\/a><\/div>\n<\/div>\n<\/div>\n<\/div>\n\n\n\n<div class=\"wp-block-uagb-container uagb-block-7d590fb2\">\n<figure class=\"wp-block-image size-large has-custom-border\"><img loading=\"lazy\" decoding=\"async\" width=\"1024\" height=\"583\" src=\"https:\/\/mxit.mx\/wp-content\/uploads\/2025\/06\/PLD-1024x583.png\" alt=\"\" class=\"wp-image-1313\" style=\"border-radius:30px\" srcset=\"https:\/\/mxit.mx\/wp-content\/uploads\/2025\/06\/PLD-1024x583.png 1024w, https:\/\/mxit.mx\/wp-content\/uploads\/2025\/06\/PLD-300x171.png 300w, https:\/\/mxit.mx\/wp-content\/uploads\/2025\/06\/PLD-768x437.png 768w, https:\/\/mxit.mx\/wp-content\/uploads\/2025\/06\/PLD.png 1063w\" sizes=\"auto, (max-width: 1024px) 100vw, 1024px\" \/><\/figure>\n<\/div>\n<\/div><\/div>\n\n\n\n<div class=\"wp-block-uagb-container uagb-block-6c27696a alignfull uagb-is-root-container\"><div class=\"uagb-container-inner-blocks-wrap\">\n<div class=\"wp-block-uagb-container uagb-block-40c83e37\">\n<figure class=\"wp-block-image size-large has-custom-border\"><img loading=\"lazy\" decoding=\"async\" width=\"1024\" height=\"580\" src=\"https:\/\/mxit.mx\/wp-content\/uploads\/2025\/06\/prevencion-de-fraudes-1024x580.png\" alt=\"\" class=\"wp-image-1315\" style=\"border-radius:30px\" srcset=\"https:\/\/mxit.mx\/wp-content\/uploads\/2025\/06\/prevencion-de-fraudes-1024x580.png 1024w, https:\/\/mxit.mx\/wp-content\/uploads\/2025\/06\/prevencion-de-fraudes-300x170.png 300w, https:\/\/mxit.mx\/wp-content\/uploads\/2025\/06\/prevencion-de-fraudes-768x435.png 768w, https:\/\/mxit.mx\/wp-content\/uploads\/2025\/06\/prevencion-de-fraudes.png 1067w\" sizes=\"auto, (max-width: 1024px) 100vw, 1024px\" \/><\/figure>\n<\/div>\n\n\n\n<div class=\"wp-block-uagb-container uagb-block-bf5ae96e\">\n<div class=\"wp-block-uagb-info-box uagb-block-b78b6453 uagb-infobox__content-wrap  uagb-infobox-icon-above-title uagb-infobox-image-valign-top justificado\">\n<div class=\"uagb-ifb-content\">\n<div class=\"uagb-ifb-title-wrap\">\n<h3 class=\"uagb-ifb-title\">Prevenci\u00f3n de Fraudes<\/h3>\n<\/div>\n<p class=\"uagb-ifb-desc\">Integramos tecnolog\u00eda de vanguardia con protocolos alineados a los requerimientos de la CNBV, Banxico y est\u00e1ndares internacionales, transformando la prevenci\u00f3n de fraude de un centro de costos a un generador de confianza y eficiencia operativa.<\/p>\n<div class=\"uagb-ifb-button-wrapper wp-block-button\"><a class=\"uagb-infobox-cta-link wp-block-button__link\" href=\"\/\/mxit.mx\/index.php\/seguridad\/\" target=\"_self\" rel=\"noopener noreferrer\"><span class=\"uagb-inline-editing\">Leer m\u00e1s<\/span><\/a><\/div>\n<\/div>\n<\/div>\n<\/div>\n<\/div><\/div>\n\n\n\n<p><\/p>\n\n\n\n<p><\/p>\n\n\n\n<p><\/p>\n\n\n\n<p><\/p>\n\n\n\n<p><\/p>\n\n\n\n<div class=\"wp-block-uagb-container uagb-block-3bd7da16 alignfull uagb-is-root-container\"><div class=\"uagb-container-inner-blocks-wrap\"><\/div><\/div>\n\n\n\n<p><\/p>\n\n\n\n<p><\/p>\n\n\n\n<div class=\"wp-block-uagb-container uagb-block-ffeaf327 alignfull uagb-is-root-container\"><div class=\"uagb-container-inner-blocks-wrap\">\n<div class=\"wp-block-uagb-container uagb-block-0dd6196a\">\n<h3>Evaluaci\u00f3n de Sistemas de Pago\u00a0<\/h3>\n<p>Combinamos pruebas t\u00e9cnicas avanzadas (como an\u00e1lisis de c\u00f3digo y simulaciones de ataques) con auditor\u00edas de cumplimiento (PCI-DSS, CNBV, Banxico) para ofrecer una visi\u00f3n hol\u00edstica de los riesgos y oportunidades en sus flujos de pago.<\/p>\n<\/p>\n\n\n\n<div class=\"wp-block-uagb-buttons uagb-buttons__outer-wrap uagb-btn__large-btn uagb-btn-tablet__default-btn uagb-btn-mobile__default-btn uagb-block-80f663e0\"><div class=\"uagb-buttons__wrap uagb-buttons-layout-wrap \">\n<div class=\"wp-block-uagb-buttons-child uagb-buttons__outer-wrap uagb-block-e8976442 wp-block-button\"><div class=\"uagb-button__wrapper\"><a class=\"uagb-buttons-repeater wp-block-button__link\" aria-label=\"\" href=\"https:\/\/mxit.mx\/index.php\/evaluacion-de-sistemas-de-pago\/\" rel=\"follow noopener\" target=\"_self\" role=\"button\"><div class=\"uagb-button__link\">Leer m\u00e1s<\/div><\/a><\/div><\/div>\n<\/div><\/div>\n<\/div>\n\n\n\n<div class=\"wp-block-uagb-container uagb-block-1cba7e51\">\n<figure class=\"wp-block-image alignleft size-large is-resized has-custom-border\" style=\"margin-top:var(--wp--preset--spacing--60);margin-right:0;margin-bottom:var(--wp--preset--spacing--80);margin-left:var(--wp--preset--spacing--80)\"><img loading=\"lazy\" decoding=\"async\" width=\"1024\" height=\"579\" src=\"https:\/\/mxit.mx\/wp-content\/uploads\/2025\/06\/evaluacion-de-sistemas-de-pago-4-1024x579.png\" alt=\"\" class=\"wp-image-1324\" style=\"border-style:none;border-width:0px;border-radius:30px;width:467px;height:auto\" srcset=\"https:\/\/mxit.mx\/wp-content\/uploads\/2025\/06\/evaluacion-de-sistemas-de-pago-4-1024x579.png 1024w, https:\/\/mxit.mx\/wp-content\/uploads\/2025\/06\/evaluacion-de-sistemas-de-pago-4-300x170.png 300w, https:\/\/mxit.mx\/wp-content\/uploads\/2025\/06\/evaluacion-de-sistemas-de-pago-4-768x434.png 768w, https:\/\/mxit.mx\/wp-content\/uploads\/2025\/06\/evaluacion-de-sistemas-de-pago-4.png 1069w\" sizes=\"auto, (max-width: 1024px) 100vw, 1024px\" \/><\/figure>\n<\/div>\n<\/div><\/div>\n\n\n\n<p><\/p>\n\n\n\n<p><\/p>\n\n\n\n<p><\/p>\n\n\n\n<p><\/p>\n\n\n\n<p><\/p>\n\n\n\n<div class=\"wp-block-uagb-container uagb-block-d3757c6f alignfull uagb-is-root-container\"><div class=\"uagb-container-inner-blocks-wrap\">\n<div class=\"wp-block-uagb-advanced-heading uagb-block-7e5d4f49\"><h2 class=\"uagb-heading-text\"><strong>Tenemos la soluci\u00f3n perfecta que cumple tus expectativas.<\/strong><\/h2><\/div>\n<\/div><\/div>\n","protected":false},"excerpt":{"rendered":"<p>SERVICIOS Gobierno de Procesos Convertimos la gesti\u00f3n de procesos en una ventaja competitiva para su organizaci\u00f3n. Nuestro enfoque estrat\u00e9gico va m\u00e1s all\u00e1 de la simple optimizaci\u00f3n: redise\u00f1amos operaciones desde sus cimientos, integrando las mejores pr\u00e1cticas de gesti\u00f3n con tecnolog\u00edas disruptivas para crear flujos de trabajo \u00e1giles, inteligentes y alineados con sus objetivos de negocio Leer [&hellip;]<\/p>\n","protected":false},"author":1,"featured_media":0,"parent":0,"menu_order":0,"comment_status":"closed","ping_status":"closed","template":"","meta":{"_uag_custom_page_level_css":"","site-sidebar-layout":"default","site-content-layout":"","ast-site-content-layout":"default","site-content-style":"default","site-sidebar-style":"default","ast-global-header-display":"","ast-banner-title-visibility":"","ast-main-header-display":"","ast-hfb-above-header-display":"","ast-hfb-below-header-display":"","ast-hfb-mobile-header-display":"","site-post-title":"disabled","ast-breadcrumbs-content":"","ast-featured-img":"","footer-sml-layout":"","ast-disable-related-posts":"","theme-transparent-header-meta":"disabled","adv-header-id-meta":"","stick-header-meta":"","header-above-stick-meta":"","header-main-stick-meta":"","header-below-stick-meta":"","astra-migrate-meta-layouts":"set","ast-page-background-enabled":"default","ast-page-background-meta":{"desktop":{"background-color":"var(--ast-global-color-4)","background-image":"","background-repeat":"repeat","background-position":"center center","background-size":"auto","background-attachment":"scroll","background-type":"","background-media":"","overlay-type":"","overlay-color":"","overlay-opacity":"","overlay-gradient":""},"tablet":{"background-color":"","background-image":"","background-repeat":"repeat","background-position":"center center","background-size":"auto","background-attachment":"scroll","background-type":"","background-media":"","overlay-type":"","overlay-color":"","overlay-opacity":"","overlay-gradient":""},"mobile":{"background-color":"","background-image":"","background-repeat":"repeat","background-position":"center center","background-size":"auto","background-attachment":"scroll","background-type":"","background-media":"","overlay-type":"","overlay-color":"","overlay-opacity":"","overlay-gradient":""}},"ast-content-background-meta":{"desktop":{"background-color":"var(--ast-global-color-5)","background-image":"","background-repeat":"repeat","background-position":"center center","background-size":"auto","background-attachment":"scroll","background-type":"","background-media":"","overlay-type":"","overlay-color":"","overlay-opacity":"","overlay-gradient":""},"tablet":{"background-color":"var(--ast-global-color-5)","background-image":"","background-repeat":"repeat","background-position":"center center","background-size":"auto","background-attachment":"scroll","background-type":"","background-media":"","overlay-type":"","overlay-color":"","overlay-opacity":"","overlay-gradient":""},"mobile":{"background-color":"var(--ast-global-color-5)","background-image":"","background-repeat":"repeat","background-position":"center center","background-size":"auto","background-attachment":"scroll","background-type":"","background-media":"","overlay-type":"","overlay-color":"","overlay-opacity":"","overlay-gradient":""}},"_joinchat":[],"footnotes":""},"class_list":["post-354","page","type-page","status-publish","hentry"],"uagb_featured_image_src":{"full":false,"thumbnail":false,"medium":false,"medium_large":false,"large":false,"1536x1536":false,"2048x2048":false},"uagb_author_info":{"display_name":"soporte","author_link":"https:\/\/mxit.mx\/index.php\/author\/soporte\/"},"uagb_comment_info":0,"uagb_excerpt":"SERVICIOS Gobierno de Procesos Convertimos la gesti\u00f3n de procesos en una ventaja competitiva para su organizaci\u00f3n. Nuestro enfoque estrat\u00e9gico va m\u00e1s all\u00e1 de la simple optimizaci\u00f3n: redise\u00f1amos operaciones desde sus cimientos, integrando las mejores pr\u00e1cticas de gesti\u00f3n con tecnolog\u00edas disruptivas para crear flujos de trabajo \u00e1giles, inteligentes y alineados con sus objetivos de negocio Leer&hellip;","_links":{"self":[{"href":"https:\/\/mxit.mx\/index.php\/wp-json\/wp\/v2\/pages\/354","targetHints":{"allow":["GET"]}}],"collection":[{"href":"https:\/\/mxit.mx\/index.php\/wp-json\/wp\/v2\/pages"}],"about":[{"href":"https:\/\/mxit.mx\/index.php\/wp-json\/wp\/v2\/types\/page"}],"author":[{"embeddable":true,"href":"https:\/\/mxit.mx\/index.php\/wp-json\/wp\/v2\/users\/1"}],"replies":[{"embeddable":true,"href":"https:\/\/mxit.mx\/index.php\/wp-json\/wp\/v2\/comments?post=354"}],"version-history":[{"count":41,"href":"https:\/\/mxit.mx\/index.php\/wp-json\/wp\/v2\/pages\/354\/revisions"}],"predecessor-version":[{"id":1354,"href":"https:\/\/mxit.mx\/index.php\/wp-json\/wp\/v2\/pages\/354\/revisions\/1354"}],"wp:attachment":[{"href":"https:\/\/mxit.mx\/index.php\/wp-json\/wp\/v2\/media?parent=354"}],"curies":[{"name":"wp","href":"https:\/\/api.w.org\/{rel}","templated":true}]}}