{"id":360,"date":"2022-10-17T07:27:30","date_gmt":"2022-10-17T07:27:30","guid":{"rendered":"https:\/\/mxit.mx\/index.php\/about\/"},"modified":"2023-05-29T16:33:48","modified_gmt":"2023-05-29T16:33:48","slug":"nosotros","status":"publish","type":"page","link":"https:\/\/mxit.mx\/index.php\/nosotros\/","title":{"rendered":"Nosotros"},"content":{"rendered":"\n<div class=\"wp-block-uagb-container uagb-block-26c2391d alignfull uagb-is-root-container\"><div class=\"uagb-container-inner-blocks-wrap\">\n<div class=\"wp-block-uagb-advanced-heading uagb-block-c5beff50\"><h1 class=\"uagb-heading-text\"><strong>NOSOTROS<\/strong><\/h1><\/div>\n<\/div><\/div>\n\n\n\n<div class=\"wp-block-uagb-container uagb-block-3edb28fc alignfull uagb-is-root-container\"><div class=\"uagb-container-inner-blocks-wrap\">\n<div class=\"wp-block-uagb-info-box uagb-block-4b9e5bfa uagb-infobox__content-wrap  uagb-infobox-icon-above-title uagb-infobox-image-valign-top\"><div class=\"uagb-ifb-content\"><div class=\"uagb-ifb-title-wrap\"><h3 class=\"uagb-ifb-title\">Misi\u00f3n<\/h3><\/div><p class=\"uagb-ifb-desc\">Optimizar la transformaci\u00f3n de los procesos y servicios de las organizaciones, mediante soluciones de consultoria estrat\u00e9gica en Tecnolog\u00edas de la Informaci\u00f3n y Comunicaci\u00f3n.<\/p><\/div><\/div>\n\n\n\n<div class=\"wp-block-uagb-info-box uagb-block-2ea69527 uagb-infobox__content-wrap  uagb-infobox-icon-above-title uagb-infobox-image-valign-top\"><div class=\"uagb-ifb-content\"><div class=\"uagb-ifb-title-wrap\"><h3 class=\"uagb-ifb-title\">Visi\u00f3n<\/h3><\/div><p class=\"uagb-ifb-desc\">Ser la empresa l\u00edder de cambio en las organizaciones, con soluciones innovadoras y de calidad, integrada por un equipo de vanguardia altamente capacitado que agrega valor a nuestros clientes.<\/p><\/div><\/div>\n<\/div><\/div>\n\n\n\n<div class=\"wp-block-uagb-container uagb-block-2269d5e0 alignfull uagb-is-root-container\"><div class=\"uagb-container__shape uagb-container__shape-top\"><svg xmlns=\"https:\/\/www.w3.org\/2000\/svg\" viewBox=\"0 0 1000 100\" preserveAspectRatio=\"none\"><path class=\"uagb-container__shape-fill\" d=\"M500,98.9L0,6.1V0h1000v6.1L500,98.9z\"><\/path><\/svg><\/div><div class=\"uagb-container-inner-blocks-wrap\">\n<figure class=\"wp-block-image aligncenter size-large is-resized\"><img loading=\"lazy\" decoding=\"async\" src=\"https:\/\/mxit.mx\/wp-content\/uploads\/2023\/05\/Grafico-Esquema-Valores-Empresa-Simple-Profesional-Multicolor-1024x576.png\" alt=\"\" class=\"wp-image-1193\" width=\"1232\" height=\"693\" srcset=\"https:\/\/mxit.mx\/wp-content\/uploads\/2023\/05\/Grafico-Esquema-Valores-Empresa-Simple-Profesional-Multicolor-1024x576.png 1024w, https:\/\/mxit.mx\/wp-content\/uploads\/2023\/05\/Grafico-Esquema-Valores-Empresa-Simple-Profesional-Multicolor-300x169.png 300w, https:\/\/mxit.mx\/wp-content\/uploads\/2023\/05\/Grafico-Esquema-Valores-Empresa-Simple-Profesional-Multicolor-768x432.png 768w, https:\/\/mxit.mx\/wp-content\/uploads\/2023\/05\/Grafico-Esquema-Valores-Empresa-Simple-Profesional-Multicolor-1536x864.png 1536w, https:\/\/mxit.mx\/wp-content\/uploads\/2023\/05\/Grafico-Esquema-Valores-Empresa-Simple-Profesional-Multicolor.png 1920w\" sizes=\"auto, (max-width: 1232px) 100vw, 1232px\" \/><\/figure>\n<\/div><\/div>\n\n\n\n<div class=\"wp-block-uagb-container uagb-block-f982477f alignfull uagb-is-root-container\"><div class=\"uagb-container-inner-blocks-wrap\">\n<div class=\"wp-block-uagb-advanced-heading uagb-block-da9ce81b\"><h2 class=\"uagb-heading-text\">Tenemos la soluci\u00f3n perfecta que cumple tus expectativas.<\/h2><\/div>\n<\/div><\/div>\n","protected":false},"excerpt":{"rendered":"<p>NOSOTROS Tenemos la soluci\u00f3n perfecta que cumple tus expectativas.<\/p>\n","protected":false},"author":1,"featured_media":0,"parent":0,"menu_order":0,"comment_status":"closed","ping_status":"closed","template":"","meta":{"_uag_custom_page_level_css":"","site-sidebar-layout":"default","site-content-layout":"","ast-site-content-layout":"default","site-content-style":"default","site-sidebar-style":"default","ast-global-header-display":"","ast-banner-title-visibility":"","ast-main-header-display":"","ast-hfb-above-header-display":"","ast-hfb-below-header-display":"","ast-hfb-mobile-header-display":"","site-post-title":"disabled","ast-breadcrumbs-content":"","ast-featured-img":"","footer-sml-layout":"","ast-disable-related-posts":"","theme-transparent-header-meta":"disabled","adv-header-id-meta":"","stick-header-meta":"","header-above-stick-meta":"","header-main-stick-meta":"","header-below-stick-meta":"","astra-migrate-meta-layouts":"default","ast-page-background-enabled":"default","ast-page-background-meta":{"desktop":{"background-color":"var(--ast-global-color-4)","background-image":"","background-repeat":"repeat","background-position":"center center","background-size":"auto","background-attachment":"scroll","background-type":"","background-media":"","overlay-type":"","overlay-color":"","overlay-opacity":"","overlay-gradient":""},"tablet":{"background-color":"","background-image":"","background-repeat":"repeat","background-position":"center center","background-size":"auto","background-attachment":"scroll","background-type":"","background-media":"","overlay-type":"","overlay-color":"","overlay-opacity":"","overlay-gradient":""},"mobile":{"background-color":"","background-image":"","background-repeat":"repeat","background-position":"center center","background-size":"auto","background-attachment":"scroll","background-type":"","background-media":"","overlay-type":"","overlay-color":"","overlay-opacity":"","overlay-gradient":""}},"ast-content-background-meta":{"desktop":{"background-color":"var(--ast-global-color-5)","background-image":"","background-repeat":"repeat","background-position":"center center","background-size":"auto","background-attachment":"scroll","background-type":"","background-media":"","overlay-type":"","overlay-color":"","overlay-opacity":"","overlay-gradient":""},"tablet":{"background-color":"var(--ast-global-color-5)","background-image":"","background-repeat":"repeat","background-position":"center center","background-size":"auto","background-attachment":"scroll","background-type":"","background-media":"","overlay-type":"","overlay-color":"","overlay-opacity":"","overlay-gradient":""},"mobile":{"background-color":"var(--ast-global-color-5)","background-image":"","background-repeat":"repeat","background-position":"center center","background-size":"auto","background-attachment":"scroll","background-type":"","background-media":"","overlay-type":"","overlay-color":"","overlay-opacity":"","overlay-gradient":""}},"_joinchat":[],"footnotes":""},"class_list":["post-360","page","type-page","status-publish","hentry"],"uagb_featured_image_src":{"full":false,"thumbnail":false,"medium":false,"medium_large":false,"large":false,"1536x1536":false,"2048x2048":false},"uagb_author_info":{"display_name":"soporte","author_link":"https:\/\/mxit.mx\/index.php\/author\/soporte\/"},"uagb_comment_info":0,"uagb_excerpt":"NOSOTROS Tenemos la soluci\u00f3n perfecta que cumple tus expectativas.","_links":{"self":[{"href":"https:\/\/mxit.mx\/index.php\/wp-json\/wp\/v2\/pages\/360","targetHints":{"allow":["GET"]}}],"collection":[{"href":"https:\/\/mxit.mx\/index.php\/wp-json\/wp\/v2\/pages"}],"about":[{"href":"https:\/\/mxit.mx\/index.php\/wp-json\/wp\/v2\/types\/page"}],"author":[{"embeddable":true,"href":"https:\/\/mxit.mx\/index.php\/wp-json\/wp\/v2\/users\/1"}],"replies":[{"embeddable":true,"href":"https:\/\/mxit.mx\/index.php\/wp-json\/wp\/v2\/comments?post=360"}],"version-history":[{"count":57,"href":"https:\/\/mxit.mx\/index.php\/wp-json\/wp\/v2\/pages\/360\/revisions"}],"predecessor-version":[{"id":1214,"href":"https:\/\/mxit.mx\/index.php\/wp-json\/wp\/v2\/pages\/360\/revisions\/1214"}],"wp:attachment":[{"href":"https:\/\/mxit.mx\/index.php\/wp-json\/wp\/v2\/media?parent=360"}],"curies":[{"name":"wp","href":"https:\/\/api.w.org\/{rel}","templated":true}]}}